{"id":1094,"date":"2023-06-30T12:04:01","date_gmt":"2023-06-30T12:04:01","guid":{"rendered":"https:\/\/andradeadvogados.pt\/partnerships\/"},"modified":"2024-01-26T13:10:32","modified_gmt":"2024-01-26T13:10:32","slug":"partnerships","status":"publish","type":"page","link":"https:\/\/andradeadvogados.pt\/en\/partnerships\/","title":{"rendered":"Partnerships"},"content":{"rendered":"<p>[et_pb_section fb_built=&#8221;1&#8243; admin_label=&#8221;Header areas pratica&#8221; _builder_version=&#8221;4.22.2&#8243; _module_preset=&#8221;default&#8221; use_background_color_gradient=&#8221;on&#8221; background_color_gradient_stops=&#8221;rgba(31,35,44,0.7) 0%|#081e00 100%&#8221; background_color_gradient_overlays_image=&#8221;on&#8221; background_image=&#8221;https:\/\/andradeadvogados.pt\/wp\/wp-content\/uploads\/2023\/10\/IMG_5258-2.jpg&#8221; custom_padding=&#8221;12vw||7vw||false|false&#8221; animation_style=&#8221;fade&#8221; animation_duration=&#8221;1250ms&#8221; animation_delay=&#8221;150ms&#8221; animation_starting_opacity=&#8221;10%&#8221; locked=&#8221;off&#8221; collapsed=&#8221;off&#8221; global_colors_info=&#8221;{}&#8221;][et_pb_row _builder_version=&#8221;4.22.2&#8243; _module_preset=&#8221;default&#8221; custom_margin=&#8221;||||false|false&#8221; custom_padding=&#8221;||||false|false&#8221; locked=&#8221;off&#8221; global_colors_info=&#8221;{}&#8221;][et_pb_column type=&#8221;4_4&#8243; _builder_version=&#8221;4.21.0&#8243; _module_preset=&#8221;default&#8221; background_enable_image=&#8221;off&#8221; global_colors_info=&#8221;{}&#8221;][et_pb_image src=&#8221;https:\/\/andradeadvogados.pt\/wp\/wp-content\/uploads\/2023\/06\/andrade-advogados-background-icon7-1.png&#8221; title_text=&#8221;andrade-advocates-background-icon7&#8243; disabled_on=&#8221;on|off|off&#8221; _builder_version=&#8221;4.22.2&#8243; _module_preset=&#8221;default&#8221; width=&#8221;50%&#8221; max_width=&#8221;50%&#8221; module_alignment=&#8221;center&#8221; filter_opacity=&#8221;28%&#8221; animation_style=&#8221;fade&#8221; animation_duration=&#8221;1250ms&#8221; module_alignment_tablet=&#8221;center&#8221; module_alignment_phone=&#8221;center&#8221; module_alignment_last_edited=&#8221;on|phone&#8221; global_colors_info=&#8221;{}&#8221;][\/et_pb_image][\/et_pb_column][\/et_pb_row][\/et_pb_section][et_pb_section fb_built=&#8221;1&#8243; admin_label=&#8221;networking&#8221; _builder_version=&#8221;4.21.0&#8243; _module_preset=&#8221;default&#8221; locked=&#8221;off&#8221; global_colors_info=&#8221;{}&#8221;][et_pb_row _builder_version=&#8221;4.22.2&#8243; _module_preset=&#8221;default&#8221; custom_margin=&#8221;|auto||auto|false|false&#8221; global_colors_info=&#8221;{}&#8221;][et_pb_column type=&#8221;4_4&#8243; _builder_version=&#8221;4.21.0&#8243; _module_preset=&#8221;default&#8221; global_colors_info=&#8221;{}&#8221;][et_pb_text _builder_version=&#8221;4.22.2&#8243; _module_preset=&#8221;7d4a8cbc-5ddd-46c9-be95-23498c921cdd&#8221; header_2_font=&#8221;Bodoni Moda|500||on|||||&#8221; header_2_text_align=&#8221;center&#8221; header_2_text_color=&#8221;#000000&#8243; header_2_font_size=&#8221;23px&#8221; header_2_line_height=&#8221;1.1em&#8221; text_orientation=&#8221;right&#8221; custom_padding=&#8221;||||false|false&#8221; animation_style=&#8221;fade&#8221; header_2_font_size_tablet=&#8221;30px&#8221; header_2_font_size_phone=&#8221;33px&#8221; header_2_font_size_last_edited=&#8221;on|phone&#8221; header_2_line_height_tablet=&#8221;1.3em&#8221; header_2_line_height_phone=&#8221;1.4em&#8221; header_2_line_height_last_edited=&#8221;on|phone&#8221; global_colors_info=&#8221;{}&#8221;]<\/p>\n<h2>Society and our<\/h2>\n<p>[\/et_pb_text][et_pb_text _builder_version=&#8221;4.22.2&#8243; _module_preset=&#8221;7d4a8cbc-5ddd-46c9-be95-23498c921cdd&#8221; header_2_font=&#8221;Bodoni Moda|500||on|||||&#8221; header_2_text_align=&#8221;center&#8221; header_2_text_color=&#8221;#000000&#8243; header_2_font_size=&#8221;47px&#8221; header_2_line_height=&#8221;1.1em&#8221; text_orientation=&#8221;right&#8221; custom_padding=&#8221;||39px||false|false&#8221; animation_style=&#8221;fade&#8221; header_2_font_size_tablet=&#8221;30px&#8221; header_2_font_size_phone=&#8221;33px&#8221; header_2_font_size_last_edited=&#8221;on|phone&#8221; header_2_line_height_tablet=&#8221;1.3em&#8221; header_2_line_height_phone=&#8221;1.4em&#8221; header_2_line_height_last_edited=&#8221;on|phone&#8221; global_colors_info=&#8221;{}&#8221;]<\/p>\n<h2>Partnerships | where we are<\/h2>\n<p>[\/et_pb_text][\/et_pb_column][\/et_pb_row][et_pb_row column_structure=&#8221;1_2,1_2&#8243; _builder_version=&#8221;4.21.0&#8243; _module_preset=&#8221;default&#8221; custom_margin=&#8221;||26px||false|false&#8221; custom_padding=&#8221;0px|||||&#8221; global_colors_info=&#8221;{}&#8221;][et_pb_column type=&#8221;1_2&#8243; _builder_version=&#8221;4.16&#8243; _module_preset=&#8221;default&#8221; global_colors_info=&#8221;{}&#8221;][et_pb_text _builder_version=&#8221;4.22.2&#8243; _module_preset=&#8221;default&#8221; text_font=&#8221;Bodoni Moda||||||||&#8221; text_font_size=&#8221;16px&#8221; text_line_height=&#8221;1.8em&#8221; text_orientation=&#8221;right&#8221; hover_enabled=&#8221;0&#8243; text_font_size_tablet=&#8221;14px&#8221; text_font_size_phone=&#8221;13px&#8221; text_font_size_last_edited=&#8221;on|tablet&#8221; text_orientation_tablet=&#8221;right&#8221; text_orientation_phone=&#8221;left&#8221; text_orientation_last_edited=&#8221;on|phone&#8221; global_colors_info=&#8221;{}&#8221; sticky_enabled=&#8221;0&#8243;]<\/p>\n<p><strong>ELBAGLOBAL<a href=\"http:\/\/www.elbaglobal.com\">(www.elbaglobal.com)<\/a><br \/><\/strong>Elite Legal &amp; Business Advisor an international organization made up of reputable and especially talented lawyers and certified accountants, including Spain.<strong><\/strong><\/p>\n<p><strong>ANGOLA<\/strong><br \/>WT law firm rl<\/p>\n<p style=\"font-weight: 400;\"><span>Ana Nogueira | <\/span><span>Accounting Services<\/span><\/p>\n<p><strong>BRASIL<br \/><\/strong>Ver\u00edssimo, Moreira &amp; Simas Advogados<\/p>\n<p><strong>CABO VERDE<br \/><\/strong>MILTON PAIVA &amp; ASSOCIADOS<br \/>Centro de Concilia\u00e7\u00e3o e Arbitragem (CCA GLOBAL),<br \/>Cidade da Praia, Cabo Verde<\/p>\n<p><strong>CHILE  <\/strong><br \/>BBGS Abogados Chile<\/p>\n<p><strong>COLOMBIA<\/strong><br \/>BBGS Abogados Colombia<\/p>\n<p><strong>USA | Florida<\/strong><br \/>Buchanan Ingersoll &amp; Rooney PC<br \/>Geoffrey M. Wayne, P.A.<br \/>Sylvia Sannia CPA, PA.<\/p>\n<p><strong>SPAIN<\/strong><br \/>V2C Abogados<\/p>\n<p><strong>HOLLAND<\/strong><br \/>Van der Flier the Netherlands B.V.<\/p>\n<p>[\/et_pb_text][\/et_pb_column][et_pb_column type=&#8221;1_2&#8243; _builder_version=&#8221;4.16&#8243; _module_preset=&#8221;default&#8221; global_colors_info=&#8221;{}&#8221;][et_pb_text _builder_version=&#8221;4.22.2&#8243; _module_preset=&#8221;default&#8221; text_font=&#8221;Bodoni Moda||||||||&#8221; text_font_size=&#8221;16px&#8221; text_line_height=&#8221;1.8em&#8221; text_font_size_tablet=&#8221;14px&#8221; text_font_size_phone=&#8221;13px&#8221; text_font_size_last_edited=&#8221;on|tablet&#8221; global_colors_info=&#8221;{}&#8221;]<\/p>\n<p><strong>HONG KONG<br \/><\/strong>East Empire Management LTD<\/p>\n<p><strong>ITALY<br \/><\/strong>Bruzzone Genovesi (BG&amp;A)<\/p>\n<p><strong>MEXICO<br \/><\/strong>BBGS Abogados Mexico<\/p>\n<p><strong>MOZAMBIQUE<br \/><\/strong>Menete e Associados<\/p>\n<p><strong>PANAMA<br \/><\/strong>Vel\u00f3 Legal<\/p>\n<p><strong>PERU<br \/><\/strong>BBGS Abogados Peru<\/p>\n<p><strong>PORTUGAL<\/strong><br \/>AC Associates<\/p>\n<p><strong>SWITZERLAND<\/strong><br \/>Baldi &amp; Caratsch<\/p>\n<p><strong>VENEZUELA<\/strong><br \/>V2C Abogados<\/p>\n<p>[\/et_pb_text][et_pb_button button_url=&#8221;@ET-DC@eyJkeW5hbWljIjp0cnVlLCJjb250ZW50IjoicG9zdF9saW5rX3VybF9wYWdlIiwic2V0dGluZ3MiOnsicG9zdF9pZCI6IjE3MyJ9fQ==@&#8221; button_text=&#8221;Read more&#8221; button_alignment=&#8221;left&#8221; _builder_version=&#8221;4.22.2&#8243; _dynamic_attributes=&#8221;button_url&#8221; _module_preset=&#8221;default&#8221; custom_button=&#8221;on&#8221; button_text_size=&#8221;13px&#8221; button_text_color=&#8221;#ffffff&#8221; button_bg_color=&#8221;#0B2B03&#8243; button_border_width=&#8221;0px&#8221; button_border_radius=&#8221;0px&#8221; button_letter_spacing=&#8221;0px&#8221; button_font=&#8221;|300||on|||||&#8221; custom_padding=&#8221;7px|19px|7px|19px|true|true&#8221; locked=&#8221;off&#8221; global_colors_info=&#8221;{}&#8221; button_bg_color__hover_enabled=&#8221;on|hover&#8221; button_bg_color__hover=&#8221;#010a00&#8243; button_bg_enable_color__hover=&#8221;on&#8221;][\/et_pb_button][\/et_pb_column][\/et_pb_row][\/et_pb_section][et_pb_section fb_built=&#8221;1&#8243; _builder_version=&#8221;4.22.2&#8243; _module_preset=&#8221;default&#8221; background_color=&#8221;RGBA(202,182,161,0.22)&#8221; global_colors_info=&#8221;{}&#8221;][et_pb_row _builder_version=&#8221;4.21.0&#8243; _module_preset=&#8221;default&#8221; global_colors_info=&#8221;{}&#8221;][et_pb_column type=&#8221;4_4&#8243; _builder_version=&#8221;4.21.0&#8243; _module_preset=&#8221;default&#8221; global_colors_info=&#8221;{}&#8221;][et_pb_text _builder_version=&#8221;4.22.2&#8243; _module_preset=&#8221;7d4a8cbc-5ddd-46c9-be95-23498c921cdd&#8221; header_2_font=&#8221;Bodoni Moda|500||on|||||&#8221; header_2_text_align=&#8221;center&#8221; header_2_text_color=&#8221;#000000&#8243; header_2_font_size=&#8221;47px&#8221; header_2_line_height=&#8221;1.1em&#8221; text_orientation=&#8221;right&#8221; custom_padding=&#8221;||39px||false|false&#8221; animation_style=&#8221;fade&#8221; header_2_font_size_tablet=&#8221;30px&#8221; header_2_font_size_phone=&#8221;18px&#8221; header_2_font_size_last_edited=&#8221;on|phone&#8221; header_2_line_height_tablet=&#8221;1.3em&#8221; header_2_line_height_phone=&#8221;1.4em&#8221; header_2_line_height_last_edited=&#8221;on|phone&#8221; global_colors_info=&#8221;{}&#8221;]<\/p>\n<h2>Countries where we operate<\/h2>\n<p>[\/et_pb_text][et_pb_image src=&#8221;https:\/\/andradeadvogados.pt\/wp\/wp-content\/uploads\/2023\/09\/28-09-2023-Mapa.png&#8221; title_text=&#8221;Andrade Advogados jurisdictions&#8221; _builder_version=&#8221;4.22.2&#8243; _module_preset=&#8221;default&#8221; global_colors_info=&#8221;{}&#8221;][\/et_pb_image][et_pb_text _builder_version=&#8221;4.22.2&#8243; _module_preset=&#8221;default&#8221; text_font=&#8221;Bodoni Moda||||||||&#8221; text_text_color=&#8221;#000000&#8243; text_font_size=&#8221;16px&#8221; text_line_height=&#8221;1.8em&#8221; header_text_align=&#8221;left&#8221; header_text_color=&#8221;#0B2B03&#8243; custom_padding=&#8221;9px||||false|false&#8221; text_font_size_tablet=&#8221;14px&#8221; text_font_size_phone=&#8221;13px&#8221; text_font_size_last_edited=&#8221;on|tablet&#8221; global_colors_info=&#8221;{}&#8221;]<\/p>\n<p><strong>EUROPE:<\/strong> Portugal, Germany, Cyprus, Spain, Luxembourg and Malta.<\/p>\n<p><strong>AFRICA:<\/strong> South Africa, Angola, Algeria, Cameroon, Cape Verde, Congo, Congo (DR), Ghana, Guinea Conakry, Equatorial Guinea, Libya, Mali, Mauritania, Mozambique, Nigeria, S\u00e3o Tom\u00e9 &amp; Pr\u00edncipe, Togo and Tunisia.<\/p>\n<p><strong>MIDDLE EAST AND ASIA:<\/strong> Saudi Arabia, UAE (Dubai &amp; Abu Dhabi), India and Lebanon.<\/p>\n<p><strong>SOUTH AND CENTRAL AMERICA:<\/strong> Brazil, Chile and Panama.<\/p>\n<p>[\/et_pb_text][\/et_pb_column][\/et_pb_row][\/et_pb_section]<\/p>\n","protected":false},"excerpt":{"rendered":"<p>Society and ourPartnerships | where we areELBAGLOBAL(www.elbaglobal.com)Elite Legal &amp; Business Advisor an international organization made up of reputable and especially talented lawyers and certified accountants, including Spain. ANGOLAWT law firm rl Ana Nogueira | Accounting Services BRASILVer\u00edssimo, Moreira &amp; Simas Advogados CABO VERDEMILTON PAIVA &amp; ASSOCIADOSCentro de Concilia\u00e7\u00e3o e Arbitragem (CCA GLOBAL),Cidade da Praia, Cabo [&hellip;]<\/p>\n","protected":false},"author":1,"featured_media":0,"parent":0,"menu_order":0,"comment_status":"closed","ping_status":"closed","template":"","meta":{"_et_pb_use_builder":"on","_et_pb_old_content":"","_et_gb_content_width":"","inline_featured_image":false,"footnotes":""},"class_list":["post-1094","page","type-page","status-publish","hentry"],"_links":{"self":[{"href":"https:\/\/andradeadvogados.pt\/en\/wp-json\/wp\/v2\/pages\/1094","targetHints":{"allow":["GET"]}}],"collection":[{"href":"https:\/\/andradeadvogados.pt\/en\/wp-json\/wp\/v2\/pages"}],"about":[{"href":"https:\/\/andradeadvogados.pt\/en\/wp-json\/wp\/v2\/types\/page"}],"author":[{"embeddable":true,"href":"https:\/\/andradeadvogados.pt\/en\/wp-json\/wp\/v2\/users\/1"}],"replies":[{"embeddable":true,"href":"https:\/\/andradeadvogados.pt\/en\/wp-json\/wp\/v2\/comments?post=1094"}],"version-history":[{"count":5,"href":"https:\/\/andradeadvogados.pt\/en\/wp-json\/wp\/v2\/pages\/1094\/revisions"}],"predecessor-version":[{"id":1354,"href":"https:\/\/andradeadvogados.pt\/en\/wp-json\/wp\/v2\/pages\/1094\/revisions\/1354"}],"wp:attachment":[{"href":"https:\/\/andradeadvogados.pt\/en\/wp-json\/wp\/v2\/media?parent=1094"}],"curies":[{"name":"wp","href":"https:\/\/api.w.org\/{rel}","templated":true}]}}